{"id":660,"date":"2017-01-19T16:52:46","date_gmt":"2017-01-19T14:52:46","guid":{"rendered":"http:\/\/www.kam.gr\/products\/"},"modified":"2017-07-19T13:24:28","modified_gmt":"2017-07-19T11:24:28","slug":"products","status":"publish","type":"page","link":"https:\/\/www.kam.gr\/de\/products\/","title":{"rendered":"Produkte"},"content":{"rendered":"<p>[et_pb_section bb_built=&#8220;1&#8243; admin_label=&#8220;section&#8220; background_image=&#8220;http:\/\/www.kam.gr\/wp-content\/uploads\/header-products.jpg&#8220; background_color=&#8220;#108bf5&#8243; parallax_method=&#8220;off&#8220; custom_padding=&#8220;0px|0px|0px|0px&#8220; fullwidth=&#8220;on&#8220; specialty=&#8220;off&#8220; disabled=&#8220;off&#8220; _builder_version=&#8220;3.0.53&#8243;][et_pb_fullwidth_header title=&#8220;Produkte&#8220; background_layout=&#8220;light&#8220; text_orientation=&#8220;left&#8220; header_fullscreen=&#8220;off&#8220; header_scroll_down=&#8220;off&#8220; parallax=&#8220;off&#8220; parallax_method=&#8220;off&#8220; content_orientation=&#8220;center&#8220; image_orientation=&#8220;center&#8220; custom_button_one=&#8220;off&#8220; button_one_letter_spacing=&#8220;0&#8243; button_one_use_icon=&#8220;default&#8220; button_one_icon_placement=&#8220;right&#8220; button_one_on_hover=&#8220;on&#8220; button_one_letter_spacing_hover=&#8220;0&#8243; custom_button_two=&#8220;off&#8220; button_two_letter_spacing=&#8220;0&#8243; button_two_use_icon=&#8220;default&#8220; button_two_icon_placement=&#8220;right&#8220; button_two_on_hover=&#8220;on&#8220; button_two_letter_spacing_hover=&#8220;0&#8243; disabled=&#8220;off&#8220; \/][\/et_pb_section][et_pb_section bb_built=&#8220;1&#8243; admin_label=&#8220;section&#8220; transparent_background=&#8220;off&#8220; allow_player_pause=&#8220;off&#8220; inner_shadow=&#8220;off&#8220; parallax=&#8220;off&#8220; parallax_method=&#8220;on&#8220; make_fullwidth=&#8220;off&#8220; use_custom_width=&#8220;off&#8220; width_unit=&#8220;off&#8220; custom_width_px=&#8220;1080px&#8220; custom_width_percent=&#8220;80%&#8220; make_equal=&#8220;off&#8220; use_custom_gutter=&#8220;off&#8220; fullwidth=&#8220;off&#8220; specialty=&#8220;off&#8220; disabled=&#8220;off&#8220;][et_pb_row admin_label=&#8220;row&#8220; make_fullwidth=&#8220;off&#8220; use_custom_width=&#8220;off&#8220; width_unit=&#8220;off&#8220; custom_width_px=&#8220;1080px&#8220; custom_width_percent=&#8220;80%&#8220; use_custom_gutter=&#8220;off&#8220; gutter_width=&#8220;3&#8243; allow_player_pause=&#8220;off&#8220; parallax=&#8220;off&#8220; parallax_method=&#8220;on&#8220; make_equal=&#8220;off&#8220; parallax_1=&#8220;off&#8220; parallax_method_1=&#8220;on&#8220; parallax_2=&#8220;off&#8220; parallax_method_2=&#8220;on&#8220; parallax_3=&#8220;off&#8220; parallax_method_3=&#8220;on&#8220; parallax_4=&#8220;off&#8220; parallax_method_4=&#8220;on&#8220; disabled=&#8220;off&#8220; background_position=&#8220;top_left&#8220; background_repeat=&#8220;repeat&#8220; background_size=&#8220;initial&#8220;][et_pb_column type=&#8220;2_3&#8243;][et_pb_text background_layout=&#8220;light&#8220; text_orientation=&#8220;left&#8220; background_color=&#8220;#e9e9e9&#8243; use_border_color=&#8220;off&#8220; border_style=&#8220;solid&#8220; custom_padding=&#8220;10px|10px|10px|10px&#8220; disabled=&#8220;off&#8220; border_color=&#8220;#ffffff&#8220; background_position=&#8220;top_left&#8220; background_repeat=&#8220;repeat&#8220; background_size=&#8220;initial&#8220;]<\/p>\n<h4>Unsere Produkte vereinen hochwertige Materialien und effiziente Anpassung an Features, die der Markt zu unterscheiden.<\/h4>\n<p>[\/et_pb_text][et_pb_text background_layout=&#8220;light&#8220; text_orientation=&#8220;left&#8220; border_style=&#8220;solid&#8220; disabled=&#8220;off&#8220; background_position=&#8220;top_left&#8220; background_repeat=&#8220;repeat&#8220; background_size=&#8220;initial&#8220; _builder_version=&#8220;3.0.53&#8243;]<\/p>\n<p><strong><img loading=\"lazy\" decoding=\"async\" class=\"alignnone size-full wp-image-898\" src=\"http:\/\/www.kam.gr\/wp-content\/uploads\/products-arrow.gif\" alt=\"\" width=\"10\" height=\"10\" \/> Qualit\u00e4t der Rohstoffe<\/strong><br \/>\nUnsere Silo sind wegen ihres Gewichtes bekannt. Obwahl viele Produzenten versucht haben, die Herstellungskosten zu reduzieren, wir bleiben dabei, die besten Rohstoffe zu benutzen. Die Beste von der Ansicht der Starke. In diesem Gebiet haben wir einem besonderen Schwerpunkt gegeben, schon von unseren ersten Schriten.<\/p>\n<p><strong><img loading=\"lazy\" decoding=\"async\" class=\"alignnone size-full wp-image-898\" src=\"http:\/\/www.kam.gr\/wp-content\/uploads\/products-arrow.gif\" alt=\"\" width=\"10\" height=\"10\" \/> Wirksamkeit &#8211; Anpassung<\/strong><br \/>\nDie Wirksamkeit der Hestellung h\u00e4ngt von der jewailligen Anpassung am Installierungsort. Wir versuchen uns an Bed\u00fcrfnis anzupassen und sie so gut wie m\u00f6glich zu bedienen. KAM silos vertragen jeder der Modifikation um jede Bed\u00fcrfnis zu betriedigend.<\/p>\n<p>[\/et_pb_text][\/et_pb_column][et_pb_column type=&#8220;1_3&#8243;][et_pb_sidebar orientation=&#8220;right&#8220; area=&#8220;sidebar-1&#8243; background_layout=&#8220;light&#8220; remove_border=&#8220;off&#8220; header_font_size=&#8220;18&#8243; disabled=&#8220;off&#8220; \/][\/et_pb_column][\/et_pb_row][\/et_pb_section]<\/p>\n","protected":false},"excerpt":{"rendered":"<p>Unsere Produkte vereinen hochwertige Materialien und effiziente Anpassung an Features, die der Markt zu unterscheiden. Qualit\u00e4t der Rohstoffe Unsere Silo sind wegen ihres Gewichtes bekannt. Obwahl viele Produzenten versucht haben, die Herstellungskosten zu reduzieren, wir bleiben dabei, die besten Rohstoffe zu benutzen. Die Beste von der Ansicht der Starke. In diesem Gebiet haben wir einem [&hellip;]<\/p>\n","protected":false},"author":2,"featured_media":0,"parent":0,"menu_order":0,"comment_status":"closed","ping_status":"closed","template":"","meta":{"_et_pb_use_builder":"on","_et_pb_old_content":"","_et_gb_content_width":"","footnotes":""},"class_list":["post-660","page","type-page","status-publish","hentry"],"yoast_head":"<!-- This site is optimized with the Yoast SEO plugin v26.9 - https:\/\/yoast.com\/product\/yoast-seo-wordpress\/ -->\n<title>Silos for Grain and Cereal Storage | Hopper Silos - Big Silos for Grain and Cereal Storage | Silo Storage Systems KAM<\/title>\n<meta name=\"description\" content=\"Silos for Grain and Cereal Storage. Hopper Silos - Big Silos for Grain and Cereal Storage | Silos for Grain and Cereal Storage | Silo Storage Systems KAM\" \/>\n<meta name=\"robots\" content=\"index, follow, max-snippet:-1, max-image-preview:large, max-video-preview:-1\" \/>\n<link rel=\"canonical\" href=\"https:\/\/www.kam.gr\/de\/products\/\" \/>\n<meta property=\"og:locale\" content=\"de_DE\" \/>\n<meta property=\"og:type\" content=\"article\" \/>\n<meta property=\"og:title\" content=\"Silos for Grain and Cereal Storage | Hopper Silos - Big Silos for Grain and Cereal Storage | Silo Storage Systems KAM\" \/>\n<meta property=\"og:description\" content=\"Silos for Grain and Cereal Storage. Hopper Silos - Big Silos for Grain and Cereal Storage | Silos for Grain and Cereal Storage | Silo Storage Systems KAM\" \/>\n<meta property=\"og:url\" content=\"https:\/\/www.kam.gr\/de\/products\/\" \/>\n<meta property=\"og:site_name\" content=\"KAM\" \/>\n<meta property=\"article:modified_time\" content=\"2017-07-19T11:24:28+00:00\" \/>\n<meta property=\"og:image\" content=\"http:\/\/www.kam.gr\/wp-content\/uploads\/products-arrow.gif\" \/>\n<meta name=\"twitter:card\" content=\"summary_large_image\" \/>\n<meta name=\"twitter:label1\" content=\"Gesch\u00e4tzte Lesezeit\" \/>\n\t<meta name=\"twitter:data1\" content=\"2\u00a0Minuten\" \/>\n<script type=\"application\/ld+json\" class=\"yoast-schema-graph\">{\"@context\":\"https:\/\/schema.org\",\"@graph\":[{\"@type\":\"WebPage\",\"@id\":\"https:\/\/www.kam.gr\/de\/products\/\",\"url\":\"https:\/\/www.kam.gr\/de\/products\/\",\"name\":\"Silos for Grain and Cereal Storage | Hopper Silos - Big Silos for Grain and Cereal Storage | Silo Storage Systems KAM\",\"isPartOf\":{\"@id\":\"https:\/\/www.kam.gr\/#website\"},\"primaryImageOfPage\":{\"@id\":\"https:\/\/www.kam.gr\/de\/products\/#primaryimage\"},\"image\":{\"@id\":\"https:\/\/www.kam.gr\/de\/products\/#primaryimage\"},\"thumbnailUrl\":\"http:\/\/www.kam.gr\/wp-content\/uploads\/products-arrow.gif\",\"datePublished\":\"2017-01-19T14:52:46+00:00\",\"dateModified\":\"2017-07-19T11:24:28+00:00\",\"description\":\"Silos for Grain and Cereal Storage. Hopper Silos - Big Silos for Grain and Cereal Storage | Silos for Grain and Cereal Storage | Silo Storage Systems KAM\",\"breadcrumb\":{\"@id\":\"https:\/\/www.kam.gr\/de\/products\/#breadcrumb\"},\"inLanguage\":\"de\",\"potentialAction\":[{\"@type\":\"ReadAction\",\"target\":[\"https:\/\/www.kam.gr\/de\/products\/\"]}]},{\"@type\":\"ImageObject\",\"inLanguage\":\"de\",\"@id\":\"https:\/\/www.kam.gr\/de\/products\/#primaryimage\",\"url\":\"http:\/\/www.kam.gr\/wp-content\/uploads\/products-arrow.gif\",\"contentUrl\":\"http:\/\/www.kam.gr\/wp-content\/uploads\/products-arrow.gif\"},{\"@type\":\"BreadcrumbList\",\"@id\":\"https:\/\/www.kam.gr\/de\/products\/#breadcrumb\",\"itemListElement\":[{\"@type\":\"ListItem\",\"position\":1,\"name\":\"Home\",\"item\":\"https:\/\/www.kam.gr\/de\/\"},{\"@type\":\"ListItem\",\"position\":2,\"name\":\"Produkte\"}]},{\"@type\":\"WebSite\",\"@id\":\"https:\/\/www.kam.gr\/#website\",\"url\":\"https:\/\/www.kam.gr\/\",\"name\":\"KAM\",\"description\":\"\u039a\u03b1\u03c4\u03b1\u03c3\u03ba\u03b5\u03c5\u03ad\u03c2 \u0391\u03b3\u03c1\u03bf\u03c0\u03c4\u03b7\u03bd\u03bf\u03c4\u03c1\u03bf\u03c6\u03b9\u03ba\u03ce\u03bd \u039c\u03b7\u03c7\u03b1\u03bd\u03b7\u03bc\u03ac\u03c4\u03c9\u03bd\",\"potentialAction\":[{\"@type\":\"SearchAction\",\"target\":{\"@type\":\"EntryPoint\",\"urlTemplate\":\"https:\/\/www.kam.gr\/?s={search_term_string}\"},\"query-input\":{\"@type\":\"PropertyValueSpecification\",\"valueRequired\":true,\"valueName\":\"search_term_string\"}}],\"inLanguage\":\"de\"}]}<\/script>\n<!-- \/ Yoast SEO plugin. -->","yoast_head_json":{"title":"Silos for Grain and Cereal Storage | Hopper Silos - Big Silos for Grain and Cereal Storage | Silo Storage Systems KAM","description":"Silos for Grain and Cereal Storage. Hopper Silos - Big Silos for Grain and Cereal Storage | Silos for Grain and Cereal Storage | Silo Storage Systems KAM","robots":{"index":"index","follow":"follow","max-snippet":"max-snippet:-1","max-image-preview":"max-image-preview:large","max-video-preview":"max-video-preview:-1"},"canonical":"https:\/\/www.kam.gr\/de\/products\/","og_locale":"de_DE","og_type":"article","og_title":"Silos for Grain and Cereal Storage | Hopper Silos - Big Silos for Grain and Cereal Storage | Silo Storage Systems KAM","og_description":"Silos for Grain and Cereal Storage. Hopper Silos - Big Silos for Grain and Cereal Storage | Silos for Grain and Cereal Storage | Silo Storage Systems KAM","og_url":"https:\/\/www.kam.gr\/de\/products\/","og_site_name":"KAM","article_modified_time":"2017-07-19T11:24:28+00:00","og_image":[{"url":"http:\/\/www.kam.gr\/wp-content\/uploads\/products-arrow.gif","type":"","width":"","height":""}],"twitter_card":"summary_large_image","twitter_misc":{"Gesch\u00e4tzte Lesezeit":"2\u00a0Minuten"},"schema":{"@context":"https:\/\/schema.org","@graph":[{"@type":"WebPage","@id":"https:\/\/www.kam.gr\/de\/products\/","url":"https:\/\/www.kam.gr\/de\/products\/","name":"Silos for Grain and Cereal Storage | Hopper Silos - Big Silos for Grain and Cereal Storage | Silo Storage Systems KAM","isPartOf":{"@id":"https:\/\/www.kam.gr\/#website"},"primaryImageOfPage":{"@id":"https:\/\/www.kam.gr\/de\/products\/#primaryimage"},"image":{"@id":"https:\/\/www.kam.gr\/de\/products\/#primaryimage"},"thumbnailUrl":"http:\/\/www.kam.gr\/wp-content\/uploads\/products-arrow.gif","datePublished":"2017-01-19T14:52:46+00:00","dateModified":"2017-07-19T11:24:28+00:00","description":"Silos for Grain and Cereal Storage. Hopper Silos - Big Silos for Grain and Cereal Storage | Silos for Grain and Cereal Storage | Silo Storage Systems KAM","breadcrumb":{"@id":"https:\/\/www.kam.gr\/de\/products\/#breadcrumb"},"inLanguage":"de","potentialAction":[{"@type":"ReadAction","target":["https:\/\/www.kam.gr\/de\/products\/"]}]},{"@type":"ImageObject","inLanguage":"de","@id":"https:\/\/www.kam.gr\/de\/products\/#primaryimage","url":"http:\/\/www.kam.gr\/wp-content\/uploads\/products-arrow.gif","contentUrl":"http:\/\/www.kam.gr\/wp-content\/uploads\/products-arrow.gif"},{"@type":"BreadcrumbList","@id":"https:\/\/www.kam.gr\/de\/products\/#breadcrumb","itemListElement":[{"@type":"ListItem","position":1,"name":"Home","item":"https:\/\/www.kam.gr\/de\/"},{"@type":"ListItem","position":2,"name":"Produkte"}]},{"@type":"WebSite","@id":"https:\/\/www.kam.gr\/#website","url":"https:\/\/www.kam.gr\/","name":"KAM","description":"\u039a\u03b1\u03c4\u03b1\u03c3\u03ba\u03b5\u03c5\u03ad\u03c2 \u0391\u03b3\u03c1\u03bf\u03c0\u03c4\u03b7\u03bd\u03bf\u03c4\u03c1\u03bf\u03c6\u03b9\u03ba\u03ce\u03bd \u039c\u03b7\u03c7\u03b1\u03bd\u03b7\u03bc\u03ac\u03c4\u03c9\u03bd","potentialAction":[{"@type":"SearchAction","target":{"@type":"EntryPoint","urlTemplate":"https:\/\/www.kam.gr\/?s={search_term_string}"},"query-input":{"@type":"PropertyValueSpecification","valueRequired":true,"valueName":"search_term_string"}}],"inLanguage":"de"}]}},"_links":{"self":[{"href":"https:\/\/www.kam.gr\/de\/wp-json\/wp\/v2\/pages\/660","targetHints":{"allow":["GET"]}}],"collection":[{"href":"https:\/\/www.kam.gr\/de\/wp-json\/wp\/v2\/pages"}],"about":[{"href":"https:\/\/www.kam.gr\/de\/wp-json\/wp\/v2\/types\/page"}],"author":[{"embeddable":true,"href":"https:\/\/www.kam.gr\/de\/wp-json\/wp\/v2\/users\/2"}],"replies":[{"embeddable":true,"href":"https:\/\/www.kam.gr\/de\/wp-json\/wp\/v2\/comments?post=660"}],"version-history":[{"count":3,"href":"https:\/\/www.kam.gr\/de\/wp-json\/wp\/v2\/pages\/660\/revisions"}],"predecessor-version":[{"id":903,"href":"https:\/\/www.kam.gr\/de\/wp-json\/wp\/v2\/pages\/660\/revisions\/903"}],"wp:attachment":[{"href":"https:\/\/www.kam.gr\/de\/wp-json\/wp\/v2\/media?parent=660"}],"curies":[{"name":"wp","href":"https:\/\/api.w.org\/{rel}","templated":true}]}}