{"id":669,"date":"2017-01-20T13:44:29","date_gmt":"2017-01-20T11:44:29","guid":{"rendered":"http:\/\/www.kam.gr\/products\/silo-ground\/"},"modified":"2017-07-19T12:29:11","modified_gmt":"2017-07-19T10:29:11","slug":"silo-ground","status":"publish","type":"page","link":"https:\/\/www.kam.gr\/de\/products\/silo-ground\/","title":{"rendered":"Gro\u00dfen Silos"},"content":{"rendered":"<p>[et_pb_section bb_built=&#8220;1&#8243; admin_label=&#8220;section&#8220; background_image=&#8220;http:\/\/www.kam.gr\/wp-content\/uploads\/header-silo-ground.jpg&#8220; background_color=&#8220;#6aceb6&#8243; inner_shadow=&#8220;on&#8220; parallax_method=&#8220;off&#8220; custom_padding=&#8220;0px|0px|0px|0px&#8220; fullwidth=&#8220;on&#8220; specialty=&#8220;off&#8220; disabled=&#8220;off&#8220; _builder_version=&#8220;3.0.53&#8243;][et_pb_fullwidth_header title=&#8220;Gro\u00dfen Silos&#8220; background_layout=&#8220;light&#8220; text_orientation=&#8220;left&#8220; header_fullscreen=&#8220;off&#8220; header_scroll_down=&#8220;off&#8220; subhead_font_color=&#8220;#141414&#8243; parallax=&#8220;off&#8220; parallax_method=&#8220;off&#8220; content_orientation=&#8220;center&#8220; image_orientation=&#8220;center&#8220; subhead_font_size=&#8220;25px&#8220; custom_button_one=&#8220;off&#8220; button_one_letter_spacing=&#8220;0&#8243; button_one_use_icon=&#8220;on&#8220; button_one_icon_placement=&#8220;right&#8220; button_one_on_hover=&#8220;on&#8220; button_one_letter_spacing_hover=&#8220;0&#8243; custom_button_two=&#8220;off&#8220; button_two_letter_spacing=&#8220;0&#8243; button_two_use_icon=&#8220;on&#8220; button_two_icon_placement=&#8220;right&#8220; button_two_on_hover=&#8220;on&#8220; button_two_letter_spacing_hover=&#8220;0&#8243; disabled=&#8220;off&#8220; \/][\/et_pb_section][et_pb_section bb_built=&#8220;1&#8243; transparent_background=&#8220;off&#8220; allow_player_pause=&#8220;off&#8220; inner_shadow=&#8220;off&#8220; parallax=&#8220;off&#8220; parallax_method=&#8220;on&#8220; make_fullwidth=&#8220;off&#8220; use_custom_width=&#8220;off&#8220; width_unit=&#8220;off&#8220; custom_width_px=&#8220;1080px&#8220; custom_width_percent=&#8220;80%&#8220; make_equal=&#8220;off&#8220; use_custom_gutter=&#8220;off&#8220; fullwidth=&#8220;off&#8220; specialty=&#8220;off&#8220; disabled=&#8220;off&#8220;][et_pb_row make_fullwidth=&#8220;off&#8220; use_custom_width=&#8220;off&#8220; width_unit=&#8220;off&#8220; custom_width_px=&#8220;1080px&#8220; custom_width_percent=&#8220;80%&#8220; use_custom_gutter=&#8220;off&#8220; gutter_width=&#8220;3&#8243; allow_player_pause=&#8220;off&#8220; parallax=&#8220;off&#8220; parallax_method=&#8220;on&#8220; make_equal=&#8220;off&#8220; parallax_1=&#8220;off&#8220; parallax_method_1=&#8220;on&#8220; parallax_2=&#8220;off&#8220; parallax_method_2=&#8220;on&#8220; parallax_3=&#8220;off&#8220; parallax_method_3=&#8220;on&#8220; parallax_4=&#8220;off&#8220; parallax_method_4=&#8220;on&#8220; disabled=&#8220;off&#8220; background_position=&#8220;top_left&#8220; background_repeat=&#8220;repeat&#8220; background_size=&#8220;initial&#8220;][et_pb_column type=&#8220;2_3&#8243;][et_pb_text background_layout=&#8220;light&#8220; text_orientation=&#8220;left&#8220; header_line_height=&#8220;1.7em&#8220; background_color=&#8220;#e9e9e9&#8243; use_border_color=&#8220;off&#8220; border_style=&#8220;solid&#8220; custom_padding=&#8220;10px|10px|10px|10px&#8220; disabled=&#8220;off&#8220; border_color=&#8220;#ffffff&#8220; background_position=&#8220;top_left&#8220; background_repeat=&#8220;repeat&#8220; background_size=&#8220;initial&#8220;]<\/p>\n<h4>Die Gro\u00dfen Silos befriedigen die forderung f\u00fcr finanziellen, gesicherten und grossen Rauminhalt der Getreidelagerung. Sie werden in verschiedenen Gr\u00f6ssen von 67m3 bis 1345m3 angeboten.<\/h4>\n<p>[\/et_pb_text][et_pb_text background_layout=&#8220;light&#8220; text_orientation=&#8220;left&#8220; use_border_color=&#8220;off&#8220; border_style=&#8220;solid&#8220; disabled=&#8220;off&#8220; border_color=&#8220;#ffffff&#8220; background_position=&#8220;top_left&#8220; background_repeat=&#8220;repeat&#8220; background_size=&#8220;initial&#8220;]<\/p>\n<p><span style=\"font-size: 11px;\"><em>Klicken Sie auf Fotos zu vergr\u00f6\u00dfern<\/em><\/span><\/p>\n<p>[\/et_pb_text][et_pb_gallery gallery_ids=&#8220;831,832,833,834,826,835,836,837,827,828,829,830&#8243; fullwidth=&#8220;off&#8220; posts_number=&#8220;2&#8243; show_title_and_caption=&#8220;off&#8220; show_pagination=&#8220;on&#8220; background_layout=&#8220;light&#8220; auto=&#8220;on&#8220; auto_speed=&#8220;9000&#8243; hover_overlay_color=&#8220;rgba(5,5,5,0.6)&#8220; hover_icon=&#8220;%%51%%&#8220; border_style=&#8220;solid&#8220; disabled=&#8220;off&#8220; _builder_version=&#8220;3.0.53&#8243; orientation=&#8220;landscape&#8220; zoom_icon_color=&#8220;#5b8500&#8243; \/][et_pb_text background_layout=&#8220;light&#8220; text_orientation=&#8220;left&#8220; use_border_color=&#8220;off&#8220; border_style=&#8220;solid&#8220; disabled=&#8220;off&#8220; border_color=&#8220;#ffffff&#8220; background_position=&#8220;top_left&#8220; background_repeat=&#8220;repeat&#8220; background_size=&#8220;initial&#8220;]<\/p>\n<p><strong>Dachboden<\/strong><br \/>\nDer Dachboden der Gro\u00dfen Silos besteht aus der einzigartig gezeichneten Dachpeneele, die eine grosse Seitensp\u00fcle und befestigte Tieppenstufen \u2013 Rippen enhalten. Ihre Dicke, die bis zu 1.25mm langt besch\u00fctzt vor versenkung.<\/p>\n<p><strong>Bel\u00fcftung<\/strong><br \/>\nAlle gro\u00dfen Silos werden\u00a0 von einer Beluftungsanlage verfolgt. Eine spezielle Turbine erteilen Luft in der Silo. Die Luft geht durch das verlagerte Produkt aus den Dauchboden heraus.<\/p>\n<p><strong>Genauigkeit<\/strong><br \/>\nDie gro\u00dfe Silos besonders gezeichnet verschaffen die Protektion Ihrer Investition. Die Teilabteile werden leicht montiert in dem sie gute Anwendung und Genauigkeit verschaffen.<\/p>\n<p><strong>Struktur<\/strong><br \/>\nDie Figur der gro\u00dfen Silos besteht aus galvanisierende Bleche mit Kannelierung der Breite 76mm und Tiefe 18mm so dass sie Kr\u00e4fte und Ausstehen bieten. Ihre Dicke reicht bis zu 3mm an. Auch die \u00e4usserliche zus\u00e4tzliche sengrechte galvanisierende S\u00e4ulen schaffen mit ihren besonderen Einschnih Kr\u00e4fte und Ausstehen. Auch alle Bleche haben Dichtung.<\/p>\n<p>[\/et_pb_text][\/et_pb_column][et_pb_column type=&#8220;1_3&#8243;][et_pb_sidebar orientation=&#8220;right&#8220; area=&#8220;sidebar-1&#8243; background_layout=&#8220;light&#8220; remove_border=&#8220;off&#8220; header_font_size=&#8220;18&#8243; disabled=&#8220;off&#8220; \/][\/et_pb_column][\/et_pb_row][\/et_pb_section]<\/p>\n","protected":false},"excerpt":{"rendered":"<p>Die Gro\u00dfen Silos befriedigen die forderung f\u00fcr finanziellen, gesicherten und grossen Rauminhalt der Getreidelagerung. Sie werden in verschiedenen Gr\u00f6ssen von 67m3 bis 1345m3 angeboten. Klicken Sie auf Fotos zu vergr\u00f6\u00dfern Dachboden Der Dachboden der Gro\u00dfen Silos besteht aus der einzigartig gezeichneten Dachpeneele, die eine grosse Seitensp\u00fcle und befestigte Tieppenstufen \u2013 Rippen enhalten. Ihre Dicke, die [&hellip;]<\/p>\n","protected":false},"author":2,"featured_media":0,"parent":660,"menu_order":0,"comment_status":"closed","ping_status":"closed","template":"","meta":{"_et_pb_use_builder":"on","_et_pb_old_content":"","_et_gb_content_width":"","footnotes":""},"class_list":["post-669","page","type-page","status-publish","hentry"],"yoast_head":"<!-- This site is optimized with the Yoast SEO plugin v26.9 - https:\/\/yoast.com\/product\/yoast-seo-wordpress\/ -->\n<title>Big Silos | Big Silos for grain storage | Big Silos for cereal storage | Construction and Installation of Big Silos Greece<\/title>\n<meta name=\"description\" content=\"Big Silos for grain storage | Big Silos for cereal storage | Big Silos | Construction and Installation of Big Silos Greece\" \/>\n<meta name=\"robots\" content=\"index, follow, max-snippet:-1, max-image-preview:large, max-video-preview:-1\" \/>\n<link rel=\"canonical\" href=\"https:\/\/www.kam.gr\/de\/products\/silo-ground\/\" \/>\n<meta property=\"og:locale\" content=\"de_DE\" \/>\n<meta property=\"og:type\" content=\"article\" \/>\n<meta property=\"og:title\" content=\"Big Silos | Big Silos for grain storage | Big Silos for cereal storage | Construction and Installation of Big Silos Greece\" \/>\n<meta property=\"og:description\" content=\"Big Silos for grain storage | Big Silos for cereal storage | Big Silos | Construction and Installation of Big Silos Greece\" \/>\n<meta property=\"og:url\" content=\"https:\/\/www.kam.gr\/de\/products\/silo-ground\/\" \/>\n<meta property=\"og:site_name\" content=\"KAM\" \/>\n<meta property=\"article:modified_time\" content=\"2017-07-19T10:29:11+00:00\" \/>\n<meta name=\"twitter:card\" content=\"summary_large_image\" \/>\n<meta name=\"twitter:label1\" content=\"Gesch\u00e4tzte Lesezeit\" \/>\n\t<meta name=\"twitter:data1\" content=\"3\u00a0Minuten\" \/>\n<script type=\"application\/ld+json\" class=\"yoast-schema-graph\">{\"@context\":\"https:\/\/schema.org\",\"@graph\":[{\"@type\":\"WebPage\",\"@id\":\"https:\/\/www.kam.gr\/de\/products\/silo-ground\/\",\"url\":\"https:\/\/www.kam.gr\/de\/products\/silo-ground\/\",\"name\":\"Big Silos | Big Silos for grain storage | Big Silos for cereal storage | Construction and Installation of Big Silos Greece\",\"isPartOf\":{\"@id\":\"https:\/\/www.kam.gr\/#website\"},\"datePublished\":\"2017-01-20T11:44:29+00:00\",\"dateModified\":\"2017-07-19T10:29:11+00:00\",\"description\":\"Big Silos for grain storage | Big Silos for cereal storage | Big Silos | Construction and Installation of Big Silos Greece\",\"breadcrumb\":{\"@id\":\"https:\/\/www.kam.gr\/de\/products\/silo-ground\/#breadcrumb\"},\"inLanguage\":\"de\",\"potentialAction\":[{\"@type\":\"ReadAction\",\"target\":[\"https:\/\/www.kam.gr\/de\/products\/silo-ground\/\"]}]},{\"@type\":\"BreadcrumbList\",\"@id\":\"https:\/\/www.kam.gr\/de\/products\/silo-ground\/#breadcrumb\",\"itemListElement\":[{\"@type\":\"ListItem\",\"position\":1,\"name\":\"Home\",\"item\":\"https:\/\/www.kam.gr\/de\/\"},{\"@type\":\"ListItem\",\"position\":2,\"name\":\"Produkte\",\"item\":\"https:\/\/www.kam.gr\/de\/products\/\"},{\"@type\":\"ListItem\",\"position\":3,\"name\":\"Gro\u00dfen Silos\"}]},{\"@type\":\"WebSite\",\"@id\":\"https:\/\/www.kam.gr\/#website\",\"url\":\"https:\/\/www.kam.gr\/\",\"name\":\"KAM\",\"description\":\"\u039a\u03b1\u03c4\u03b1\u03c3\u03ba\u03b5\u03c5\u03ad\u03c2 \u0391\u03b3\u03c1\u03bf\u03c0\u03c4\u03b7\u03bd\u03bf\u03c4\u03c1\u03bf\u03c6\u03b9\u03ba\u03ce\u03bd \u039c\u03b7\u03c7\u03b1\u03bd\u03b7\u03bc\u03ac\u03c4\u03c9\u03bd\",\"potentialAction\":[{\"@type\":\"SearchAction\",\"target\":{\"@type\":\"EntryPoint\",\"urlTemplate\":\"https:\/\/www.kam.gr\/?s={search_term_string}\"},\"query-input\":{\"@type\":\"PropertyValueSpecification\",\"valueRequired\":true,\"valueName\":\"search_term_string\"}}],\"inLanguage\":\"de\"}]}<\/script>\n<!-- \/ Yoast SEO plugin. -->","yoast_head_json":{"title":"Big Silos | Big Silos for grain storage | Big Silos for cereal storage | Construction and Installation of Big Silos Greece","description":"Big Silos for grain storage | Big Silos for cereal storage | Big Silos | Construction and Installation of Big Silos Greece","robots":{"index":"index","follow":"follow","max-snippet":"max-snippet:-1","max-image-preview":"max-image-preview:large","max-video-preview":"max-video-preview:-1"},"canonical":"https:\/\/www.kam.gr\/de\/products\/silo-ground\/","og_locale":"de_DE","og_type":"article","og_title":"Big Silos | Big Silos for grain storage | Big Silos for cereal storage | Construction and Installation of Big Silos Greece","og_description":"Big Silos for grain storage | Big Silos for cereal storage | Big Silos | Construction and Installation of Big Silos Greece","og_url":"https:\/\/www.kam.gr\/de\/products\/silo-ground\/","og_site_name":"KAM","article_modified_time":"2017-07-19T10:29:11+00:00","twitter_card":"summary_large_image","twitter_misc":{"Gesch\u00e4tzte Lesezeit":"3\u00a0Minuten"},"schema":{"@context":"https:\/\/schema.org","@graph":[{"@type":"WebPage","@id":"https:\/\/www.kam.gr\/de\/products\/silo-ground\/","url":"https:\/\/www.kam.gr\/de\/products\/silo-ground\/","name":"Big Silos | Big Silos for grain storage | Big Silos for cereal storage | Construction and Installation of Big Silos Greece","isPartOf":{"@id":"https:\/\/www.kam.gr\/#website"},"datePublished":"2017-01-20T11:44:29+00:00","dateModified":"2017-07-19T10:29:11+00:00","description":"Big Silos for grain storage | Big Silos for cereal storage | Big Silos | Construction and Installation of Big Silos Greece","breadcrumb":{"@id":"https:\/\/www.kam.gr\/de\/products\/silo-ground\/#breadcrumb"},"inLanguage":"de","potentialAction":[{"@type":"ReadAction","target":["https:\/\/www.kam.gr\/de\/products\/silo-ground\/"]}]},{"@type":"BreadcrumbList","@id":"https:\/\/www.kam.gr\/de\/products\/silo-ground\/#breadcrumb","itemListElement":[{"@type":"ListItem","position":1,"name":"Home","item":"https:\/\/www.kam.gr\/de\/"},{"@type":"ListItem","position":2,"name":"Produkte","item":"https:\/\/www.kam.gr\/de\/products\/"},{"@type":"ListItem","position":3,"name":"Gro\u00dfen Silos"}]},{"@type":"WebSite","@id":"https:\/\/www.kam.gr\/#website","url":"https:\/\/www.kam.gr\/","name":"KAM","description":"\u039a\u03b1\u03c4\u03b1\u03c3\u03ba\u03b5\u03c5\u03ad\u03c2 \u0391\u03b3\u03c1\u03bf\u03c0\u03c4\u03b7\u03bd\u03bf\u03c4\u03c1\u03bf\u03c6\u03b9\u03ba\u03ce\u03bd \u039c\u03b7\u03c7\u03b1\u03bd\u03b7\u03bc\u03ac\u03c4\u03c9\u03bd","potentialAction":[{"@type":"SearchAction","target":{"@type":"EntryPoint","urlTemplate":"https:\/\/www.kam.gr\/?s={search_term_string}"},"query-input":{"@type":"PropertyValueSpecification","valueRequired":true,"valueName":"search_term_string"}}],"inLanguage":"de"}]}},"_links":{"self":[{"href":"https:\/\/www.kam.gr\/de\/wp-json\/wp\/v2\/pages\/669","targetHints":{"allow":["GET"]}}],"collection":[{"href":"https:\/\/www.kam.gr\/de\/wp-json\/wp\/v2\/pages"}],"about":[{"href":"https:\/\/www.kam.gr\/de\/wp-json\/wp\/v2\/types\/page"}],"author":[{"embeddable":true,"href":"https:\/\/www.kam.gr\/de\/wp-json\/wp\/v2\/users\/2"}],"replies":[{"embeddable":true,"href":"https:\/\/www.kam.gr\/de\/wp-json\/wp\/v2\/comments?post=669"}],"version-history":[{"count":3,"href":"https:\/\/www.kam.gr\/de\/wp-json\/wp\/v2\/pages\/669\/revisions"}],"predecessor-version":[{"id":840,"href":"https:\/\/www.kam.gr\/de\/wp-json\/wp\/v2\/pages\/669\/revisions\/840"}],"up":[{"embeddable":true,"href":"https:\/\/www.kam.gr\/de\/wp-json\/wp\/v2\/pages\/660"}],"wp:attachment":[{"href":"https:\/\/www.kam.gr\/de\/wp-json\/wp\/v2\/media?parent=669"}],"curies":[{"name":"wp","href":"https:\/\/api.w.org\/{rel}","templated":true}]}}